{"id":170,"date":"2026-01-09T13:08:09","date_gmt":"2026-01-09T13:08:09","guid":{"rendered":"https:\/\/devpl11.getspace.us\/vratislaviatango\/?page_id=170"},"modified":"2026-01-23T14:38:09","modified_gmt":"2026-01-23T14:38:09","slug":"tdj-s-team","status":"publish","type":"page","link":"https:\/\/devpl11.getspace.us\/vratislaviatango\/tdj-s-team\/","title":{"rendered":"TDJ-s Team"},"content":{"rendered":"\t\t<div data-elementor-type=\"wp-page\" data-elementor-id=\"170\" class=\"elementor elementor-170\" data-elementor-post-type=\"page\">\n\t\t\t\t\t\t<section class=\"elementor-section elementor-top-section elementor-element elementor-element-69ea2e41 elementor-section-boxed elementor-section-height-default elementor-section-height-default\" data-id=\"69ea2e41\" data-element_type=\"section\" data-settings=\"{&quot;background_background&quot;:&quot;classic&quot;}\">\n\t\t\t\t\t\t\t<div class=\"elementor-background-overlay\"><\/div>\n\t\t\t\t\t\t\t<div class=\"elementor-container elementor-column-gap-default\">\n\t\t\t\t\t<div class=\"elementor-column elementor-col-100 elementor-top-column elementor-element elementor-element-10275440\" data-id=\"10275440\" data-element_type=\"column\">\n\t\t\t<div class=\"elementor-widget-wrap elementor-element-populated\">\n\t\t\t\t\t\t<section class=\"elementor-section elementor-inner-section elementor-element elementor-element-6343f584 elementor-section-boxed elementor-section-height-default elementor-section-height-default\" data-id=\"6343f584\" data-element_type=\"section\">\n\t\t\t\t\t\t<div class=\"elementor-container elementor-column-gap-default\">\n\t\t\t\t\t<div class=\"elementor-column elementor-col-100 elementor-inner-column elementor-element elementor-element-242ac312\" data-id=\"242ac312\" data-element_type=\"column\">\n\t\t\t<div class=\"elementor-widget-wrap elementor-element-populated\">\n\t\t\t\t\t\t\t<\/div>\n\t\t<\/div>\n\t\t\t\t\t<\/div>\n\t\t<\/section>\n\t\t\t\t\t<\/div>\n\t\t<\/div>\n\t\t\t\t\t<\/div>\n\t\t<\/section>\n\t\t\t\t<section class=\"elementor-section elementor-top-section elementor-element elementor-element-43eb4889 elementor-section-boxed elementor-section-height-default elementor-section-height-default\" data-id=\"43eb4889\" data-element_type=\"section\" data-settings=\"{&quot;background_background&quot;:&quot;classic&quot;}\">\n\t\t\t\t\t\t<div class=\"elementor-container elementor-column-gap-default\">\n\t\t\t\t\t<div class=\"elementor-column elementor-col-100 elementor-top-column elementor-element elementor-element-79c9e144\" data-id=\"79c9e144\" data-element_type=\"column\" data-settings=\"{&quot;background_background&quot;:&quot;classic&quot;}\">\n\t\t\t<div class=\"elementor-widget-wrap elementor-element-populated\">\n\t\t\t\t\t\t<div class=\"elementor-element elementor-element-6dffe670 elementor-widget elementor-widget-heading\" data-id=\"6dffe670\" data-element_type=\"widget\" data-widget_type=\"heading.default\">\n\t\t\t\t\t<h2 class=\"elementor-heading-title elementor-size-default\">Nasz zesp\u00f3\u0142<\/h2>\t\t\t\t<\/div>\n\t\t\t\t<section class=\"elementor-section elementor-inner-section elementor-element elementor-element-f60149 elementor-section-boxed elementor-section-height-default elementor-section-height-default\" data-id=\"f60149\" data-element_type=\"section\">\n\t\t\t\t\t\t<div class=\"elementor-container elementor-column-gap-default\">\n\t\t\t\t\t<div class=\"elementor-column elementor-col-50 elementor-inner-column elementor-element elementor-element-33d562cb elementor-invisible\" data-id=\"33d562cb\" data-element_type=\"column\" data-settings=\"{&quot;animation&quot;:&quot;fadeInRight&quot;}\">\n\t\t\t<div class=\"elementor-widget-wrap elementor-element-populated\">\n\t\t\t\t\t\t<div class=\"elementor-element elementor-element-5ffb962b elementor-widget elementor-widget-elementskit-team\" data-id=\"5ffb962b\" data-element_type=\"widget\" data-widget_type=\"elementskit-team.default\">\n\t\t\t\t<div class=\"elementor-widget-container\">\n\t\t\t\t\t<div class=\"ekit-wid-con\">\t\t\t\t\t\t\t\t\n\t\t<div class=\"profile-card elementor-animation- text-center ekit-team-style-default\">\n\t\t\t\n\t\t\t\t<div class=\"profile-header ekit-team-img ekit-img-overlay ekit-team-img-block\" >\n\t\t\t\t\t<img fetchpriority=\"high\" decoding=\"async\" width=\"912\" height=\"1200\" src=\"https:\/\/devpl11.getspace.us\/vratislaviatango\/wp-content\/uploads\/2026\/01\/25f7555b0e642833a84e6fa5d.jpg\" class=\"attachment-full size-full wp-image-195\" alt=\"\" srcset=\"https:\/\/devpl11.getspace.us\/vratislaviatango\/wp-content\/uploads\/2026\/01\/25f7555b0e642833a84e6fa5d.jpg 912w, https:\/\/devpl11.getspace.us\/vratislaviatango\/wp-content\/uploads\/2026\/01\/25f7555b0e642833a84e6fa5d-228x300.jpg 228w, https:\/\/devpl11.getspace.us\/vratislaviatango\/wp-content\/uploads\/2026\/01\/25f7555b0e642833a84e6fa5d-778x1024.jpg 778w, https:\/\/devpl11.getspace.us\/vratislaviatango\/wp-content\/uploads\/2026\/01\/25f7555b0e642833a84e6fa5d-768x1011.jpg 768w\" sizes=\"(max-width: 912px) 100vw, 912px\" \/>\t\t\t\t<\/div><!-- .profile-header END -->\n\t\t\t\n\n\t\t\t\t<div class=\"profile-body\">\n\t\t\t\t\t\n\t\t\t\t\t<h2 class=\"profile-title\">\n\t\t\t\t\t\t\t\t\t\t\tIrek Iron\t\t\t\t\t\t\t\t\t\t<\/h2>\n\t\t\t\t\t<p class=\"profile-designation\"><\/p>\n\t\t\t\t\t\t\t\t\t\t<p class=\"profile-content\">Jestem TDJ-em i wsp\u00f3\u0142organizatorem wydarzenia Vratislavia Tango Festival we Wroc\u0142awiu.\n\nStarannie dobieram orkiestry, aby ich muzyka by\u0142a odpowiednia do momentu i potrzeb ta\u0144cz\u0105cych \u2013 zar\u00f3wno te ze s\u0142ynnej Z\u0142otej Ery Tanga, jak i wsp\u00f3\u0142czesne aran\u017cacje.\n\nStaram si\u0119 zawsze sprosta\u0107 oczekiwaniom pasjonat\u00f3w tanga i ci\u0105gle szukam nowych inspiracji, aby stworzy\u0107 harmonijn\u0105 i energetyczn\u0105 atmosfer\u0119.\n\nD\u0105\u017c\u0119 do bycia coraz lepszym w tym, co robi\u0119, i mam nadzieje da\u0107 Wam du\u017co rado\u015bci w ta\u0144cu kiedy si\u0119 spotkamy.<\/p>\n\t\t\t\t\t\t\t\t\t<\/div><!-- .profile-body END -->\n\n\t\t\t\t\t\t\t\t<\/div>\n\t\t\t\t\t\t\t\n\t\t\t\n\t\t\t\t<\/div>\t\t\t\t<\/div>\n\t\t\t\t<\/div>\n\t\t\t\t\t<\/div>\n\t\t<\/div>\n\t\t\t\t<div class=\"elementor-column elementor-col-50 elementor-inner-column elementor-element elementor-element-f9174cc elementor-invisible\" data-id=\"f9174cc\" data-element_type=\"column\" data-settings=\"{&quot;animation&quot;:&quot;fadeInRight&quot;}\">\n\t\t\t<div class=\"elementor-widget-wrap elementor-element-populated\">\n\t\t\t\t\t\t<div class=\"elementor-element elementor-element-305ef4e elementor-widget elementor-widget-elementskit-team\" data-id=\"305ef4e\" data-element_type=\"widget\" data-widget_type=\"elementskit-team.default\">\n\t\t\t\t<div class=\"elementor-widget-container\">\n\t\t\t\t\t<div class=\"ekit-wid-con\">\t\t\t\t\t\t\t\t\n\t\t<div class=\"profile-card elementor-animation- text-center ekit-team-style-default\">\n\t\t\t\n\t\t\t\t<div class=\"profile-header ekit-team-img ekit-img-overlay ekit-team-img-block\" >\n\t\t\t\t\t<img decoding=\"async\" width=\"1356\" height=\"2048\" src=\"https:\/\/devpl11.getspace.us\/vratislaviatango\/wp-content\/uploads\/2026\/01\/JMS_Julio-Saavedra-Argentyna-photo-VTF-2026-01.jpg\" class=\"attachment-full size-full wp-image-198\" alt=\"\" srcset=\"https:\/\/devpl11.getspace.us\/vratislaviatango\/wp-content\/uploads\/2026\/01\/JMS_Julio-Saavedra-Argentyna-photo-VTF-2026-01.jpg 1356w, https:\/\/devpl11.getspace.us\/vratislaviatango\/wp-content\/uploads\/2026\/01\/JMS_Julio-Saavedra-Argentyna-photo-VTF-2026-01-199x300.jpg 199w, https:\/\/devpl11.getspace.us\/vratislaviatango\/wp-content\/uploads\/2026\/01\/JMS_Julio-Saavedra-Argentyna-photo-VTF-2026-01-678x1024.jpg 678w, https:\/\/devpl11.getspace.us\/vratislaviatango\/wp-content\/uploads\/2026\/01\/JMS_Julio-Saavedra-Argentyna-photo-VTF-2026-01-768x1160.jpg 768w, https:\/\/devpl11.getspace.us\/vratislaviatango\/wp-content\/uploads\/2026\/01\/JMS_Julio-Saavedra-Argentyna-photo-VTF-2026-01-1017x1536.jpg 1017w\" sizes=\"(max-width: 1356px) 100vw, 1356px\" \/>\t\t\t\t<\/div><!-- .profile-header END -->\n\t\t\t\n\n\t\t\t\t<div class=\"profile-body\">\n\t\t\t\t\t\n\t\t\t\t\t<h2 class=\"profile-title\">\n\t\t\t\t\t\t\t\t\t\t\tJulio Saavedra\t\t\t\t\t\t\t\t\t\t<\/h2>\n\t\t\t\t\t<p class=\"profile-designation\"><\/p>\n\t\t\t\t\t\t\t\t\t\t<p class=\"profile-content\">Cze\u015b\u0107! Jestem Julio, mi\u0142o\u015bnik tanga \u2013 nie tylko samego ta\u0144ca, ale ca\u0142ej jego muzycznej\ni artystycznej kultury.\nJako DJ zacz\u0105\u0142em w 2010 roku, kiedy wraz z grup\u0105 przyjaci\u00f3\u0142 zorganizowali\u015bmy tradycyjn\u0105, s\u0105siedzk\u0105 milong\u0119 w Kordobie w Argentynie.\nPrzez ostatnie 15 lat gra\u0142em nie tylko na milongach, ale tak\u017ce na maratonach tanga, festiwalach, konkursach i wydarzeniach teatralnych w ponad 25 krajach, zawsze dostosowuj\u0105c si\u0119 do atmosfery i ducha ka\u017cdego miejsca.\nJako muzikalizador preferuj\u0119 tworzenie tand (set\u00f3w) w czasie rzeczywistym; zawsze dodaje to co\u015b ekstra, poniewa\u017c nawi\u0105zuj\u0119 kontakt z tancerzami na parkiecie. Wierz\u0119, \u017ce muzyka na milongach jest dla nich. M\u00f3j wyb\u00f3r jest nieco bardziej tradycyjny i typowy dla milongi.\nJako mi\u0142o\u015bnik sztuki i kultury, staram si\u0119 po prostu by\u0107 po\u015brednikiem mi\u0119dzy zmys\u0142ow\u0105\ni wspania\u0142\u0105 natur\u0105 tego gatunku a tymi, kt\u00f3rzy decyduj\u0105 si\u0119 wyj\u015b\u0107 na sal\u0119 taneczn\u0105\ni interpretowa\u0107 j\u0105 poprzez taniec.\nMam nadziej\u0119, \u017ce docenicie pi\u0119kno ka\u017cdego tanga i tworz\u0105c niezapomniane chwile podczas wieczoru tanga.\n<\/p>\n\t\t\t\t\t\t\t\t\t<\/div><!-- .profile-body END -->\n\n\t\t\t\t\t\t\t\t<\/div>\n\t\t\t\t\t\t\t\n\t\t\t\n\t\t\t\t<\/div>\t\t\t\t<\/div>\n\t\t\t\t<\/div>\n\t\t\t\t\t<\/div>\n\t\t<\/div>\n\t\t\t\t\t<\/div>\n\t\t<\/section>\n\t\t\t\t<section class=\"elementor-section elementor-inner-section elementor-element elementor-element-a3abb7f elementor-section-boxed elementor-section-height-default elementor-section-height-default\" data-id=\"a3abb7f\" data-element_type=\"section\">\n\t\t\t\t\t\t<div class=\"elementor-container elementor-column-gap-default\">\n\t\t\t\t\t<div class=\"elementor-column elementor-col-33 elementor-inner-column elementor-element elementor-element-e22d917 elementor-invisible\" data-id=\"e22d917\" data-element_type=\"column\" data-settings=\"{&quot;animation&quot;:&quot;fadeInRight&quot;}\">\n\t\t\t<div class=\"elementor-widget-wrap elementor-element-populated\">\n\t\t\t\t\t\t<div class=\"elementor-element elementor-element-1569cb0 elementor-widget elementor-widget-elementskit-team\" data-id=\"1569cb0\" data-element_type=\"widget\" data-widget_type=\"elementskit-team.default\">\n\t\t\t\t<div class=\"elementor-widget-container\">\n\t\t\t\t\t<div class=\"ekit-wid-con\">\t\t\t\t\t\t\t\t\n\t\t<div class=\"profile-card elementor-animation- text-center ekit-team-style-default\">\n\t\t\t\n\t\t\t\t<div class=\"profile-header ekit-team-img ekit-img-overlay ekit-team-img-block\" >\n\t\t\t\t\t<img decoding=\"async\" width=\"900\" height=\"900\" src=\"https:\/\/devpl11.getspace.us\/vratislaviatango\/wp-content\/uploads\/2026\/01\/DG_Dario-Guisantes-Polska-photo-VTF-2026-01.jpg\" class=\"attachment-full size-full wp-image-199\" alt=\"\" srcset=\"https:\/\/devpl11.getspace.us\/vratislaviatango\/wp-content\/uploads\/2026\/01\/DG_Dario-Guisantes-Polska-photo-VTF-2026-01.jpg 900w, https:\/\/devpl11.getspace.us\/vratislaviatango\/wp-content\/uploads\/2026\/01\/DG_Dario-Guisantes-Polska-photo-VTF-2026-01-300x300.jpg 300w, https:\/\/devpl11.getspace.us\/vratislaviatango\/wp-content\/uploads\/2026\/01\/DG_Dario-Guisantes-Polska-photo-VTF-2026-01-150x150.jpg 150w, https:\/\/devpl11.getspace.us\/vratislaviatango\/wp-content\/uploads\/2026\/01\/DG_Dario-Guisantes-Polska-photo-VTF-2026-01-768x768.jpg 768w, https:\/\/devpl11.getspace.us\/vratislaviatango\/wp-content\/uploads\/2026\/01\/DG_Dario-Guisantes-Polska-photo-VTF-2026-01-600x600.jpg 600w\" sizes=\"(max-width: 900px) 100vw, 900px\" \/>\t\t\t\t<\/div><!-- .profile-header END -->\n\t\t\t\n\n\t\t\t\t<div class=\"profile-body\">\n\t\t\t\t\t\n\t\t\t\t\t<h2 class=\"profile-title\">\n\t\t\t\t\t\t\t\t\t\t\tDario Guisantes \t\t\t\t\t\t\t\t\t\t<\/h2>\n\t\t\t\t\t<p class=\"profile-designation\"><\/p>\n\t\t\t\t\t\t\t\t\t\t<p class=\"profile-content\">Moja przygoda z tangiem rozpocz\u0119\u0142a si\u0119 oko\u0142o 17 lat temu w Toruniu. Po d\u0142u\u017cszej przerwie, od\u017cy\u0142a w Warszawie w 2018 roku, po podr\u00f3\u017cy do Buenos Aires. Od tego czasu tango towarzyszy mi na co dzie\u0144, dostarczaj\u0105c mn\u00f3stwo r\u00f3\u017cnorodnych emocji. Szczeg\u00f3lnie ceni\u0119 repertuar z okresu Z\u0142otej Ery. Moje ulubione orkiestry to Troilo, Di Sarli, D\u2019Arienzo, Pugliese i Calo. Muzyk\u0119 dobieram tak, aby zapewni\u0107 dobr\u0105 energi\u0119, g\u0142\u0119bokie emocje i pozytywny nastr\u00f3j.\nPozdrawiam\nDarek<\/p>\n\t\t\t\t\t\t\t\t\t<\/div><!-- .profile-body END -->\n\n\t\t\t\t\t\t\t\t<\/div>\n\t\t\t\t\t\t\t\n\t\t\t\n\t\t\t\t<\/div>\t\t\t\t<\/div>\n\t\t\t\t<\/div>\n\t\t\t\t\t<\/div>\n\t\t<\/div>\n\t\t\t\t<div class=\"elementor-column elementor-col-33 elementor-inner-column elementor-element elementor-element-7b82915 elementor-invisible\" data-id=\"7b82915\" data-element_type=\"column\" data-settings=\"{&quot;animation&quot;:&quot;fadeInRight&quot;}\">\n\t\t\t<div class=\"elementor-widget-wrap elementor-element-populated\">\n\t\t\t\t\t\t<div class=\"elementor-element elementor-element-4b3fdf3 elementor-widget elementor-widget-elementskit-team\" data-id=\"4b3fdf3\" data-element_type=\"widget\" data-widget_type=\"elementskit-team.default\">\n\t\t\t\t<div class=\"elementor-widget-container\">\n\t\t\t\t\t<div class=\"ekit-wid-con\">\t\t\t\t\t\t\t\t\n\t\t<div class=\"profile-card elementor-animation- text-center ekit-team-style-default\">\n\t\t\t\n\t\t\t\t<div class=\"profile-header ekit-team-img ekit-img-overlay ekit-team-img-block\" >\n\t\t\t\t\t<img loading=\"lazy\" decoding=\"async\" width=\"676\" height=\"1000\" src=\"https:\/\/devpl11.getspace.us\/vratislaviatango\/wp-content\/uploads\/2026\/01\/d1388d6fe38077dc9225c98d4.jpg\" class=\"attachment-full size-full wp-image-197\" alt=\"\" srcset=\"https:\/\/devpl11.getspace.us\/vratislaviatango\/wp-content\/uploads\/2026\/01\/d1388d6fe38077dc9225c98d4.jpg 676w, https:\/\/devpl11.getspace.us\/vratislaviatango\/wp-content\/uploads\/2026\/01\/d1388d6fe38077dc9225c98d4-203x300.jpg 203w\" sizes=\"(max-width: 676px) 100vw, 676px\" \/>\t\t\t\t<\/div><!-- .profile-header END -->\n\t\t\t\n\n\t\t\t\t<div class=\"profile-body\">\n\t\t\t\t\t\n\t\t\t\t\t<h2 class=\"profile-title\">\n\t\t\t\t\t\t\t\t\t\t\tJoga Magdalena\t\t\t\t\t\t\t\t\t\t<\/h2>\n\t\t\t\t\t<p class=\"profile-designation\"><\/p>\n\t\t\t\t\t\t\t\t\t<\/div><!-- .profile-body END -->\n\n\t\t\t\t\t\t\t\t<\/div>\n\t\t\t\t\t\t\t\n\t\t\t\n\t\t\t\t<\/div>\t\t\t\t<\/div>\n\t\t\t\t<\/div>\n\t\t\t\t\t<\/div>\n\t\t<\/div>\n\t\t\t\t<div class=\"elementor-column elementor-col-33 elementor-inner-column elementor-element elementor-element-68d672a elementor-invisible\" data-id=\"68d672a\" data-element_type=\"column\" data-settings=\"{&quot;animation&quot;:&quot;fadeInRight&quot;}\">\n\t\t\t<div class=\"elementor-widget-wrap elementor-element-populated\">\n\t\t\t\t\t\t<div class=\"elementor-element elementor-element-d5479c0 elementor-widget elementor-widget-elementskit-team\" data-id=\"d5479c0\" data-element_type=\"widget\" data-widget_type=\"elementskit-team.default\">\n\t\t\t\t<div class=\"elementor-widget-container\">\n\t\t\t\t\t<div class=\"ekit-wid-con\">\t\t\t\t\t\t\t\t\n\t\t<div class=\"profile-card elementor-animation- text-center ekit-team-style-default\">\n\t\t\t\n\t\t\t\t<div class=\"profile-header ekit-team-img ekit-img-overlay ekit-team-img-block\" >\n\t\t\t\t\t<img loading=\"lazy\" decoding=\"async\" width=\"390\" height=\"397\" src=\"https:\/\/devpl11.getspace.us\/vratislaviatango\/wp-content\/uploads\/2026\/01\/4fcd8e41c6b8b1eef24bad911.png\" class=\"attachment-full size-full wp-image-194\" alt=\"\" srcset=\"https:\/\/devpl11.getspace.us\/vratislaviatango\/wp-content\/uploads\/2026\/01\/4fcd8e41c6b8b1eef24bad911.png 390w, https:\/\/devpl11.getspace.us\/vratislaviatango\/wp-content\/uploads\/2026\/01\/4fcd8e41c6b8b1eef24bad911-295x300.png 295w\" sizes=\"(max-width: 390px) 100vw, 390px\" \/>\t\t\t\t<\/div><!-- .profile-header END -->\n\t\t\t\n\n\t\t\t\t<div class=\"profile-body\">\n\t\t\t\t\t\n\t\t\t\t\t<h2 class=\"profile-title\">\n\t\t\t\t\t\t\t\t\t\t\tJarek Kasprzak\t\t\t\t\t\t\t\t\t\t<\/h2>\n\t\t\t\t\t<p class=\"profile-designation\"><\/p>\n\t\t\t\t\t\t\t\t\t\t<p class=\"profile-content\">Pochodz\u0119 ze S\u0142ubic, mieszkam w Niemczech, tangero od ponad 10-u lat,\n\nSzanuj\u0119 mistrz\u00f3w \u201eZ\u0142otej ery Tanga\u201d, jednak w swoich poszukiwaniach muzycznych odwiedzam rejony muzyki znacz\u0105co od klasyki odbiegaj\u0105ce.. Ogromn\u0105 rado\u015b\u0107 sprawiaj\u0105 mi tancerze podchodz\u0105cy po milondze , kt\u00f3rzy m\u00f3wi\u0105, \u017ce nie zdawali sobie sprawy \u017ce tak cudnie mo\u017cna zata\u0144czy\u0107 tango do rytm\u00f3w jak\u017ce innych \ud83d\ude42\n\nJako DJ propaguj\u0119 muzyk\u0119 nuevo\/alternativ w Polsce i w Niemczech \ud83d\ude42<\/p>\n\t\t\t\t\t\t\t\t\t<\/div><!-- .profile-body END -->\n\n\t\t\t\t\t\t\t\t<\/div>\n\t\t\t\t\t\t\t\n\t\t\t\n\t\t\t\t<\/div>\t\t\t\t<\/div>\n\t\t\t\t<\/div>\n\t\t\t\t\t<\/div>\n\t\t<\/div>\n\t\t\t\t\t<\/div>\n\t\t<\/section>\n\t\t\t\t\t<\/div>\n\t\t<\/div>\n\t\t\t\t\t<\/div>\n\t\t<\/section>\n\t\t\t\t<\/div>\n\t\t","protected":false},"excerpt":{"rendered":"<p>Nasz zesp\u00f3\u0142 Irek Iron Jestem TDJ-em i wsp\u00f3\u0142organizatorem wydarzenia Vratislavia Tango Festival we Wroc\u0142awiu. Starannie dobieram orkiestry, aby ich muzyka by\u0142a odpowiednia do momentu i potrzeb ta\u0144cz\u0105cych \u2013 zar\u00f3wno te ze s\u0142ynnej Z\u0142otej Ery Tanga, jak i wsp\u00f3\u0142czesne aran\u017cacje. Staram si\u0119 zawsze sprosta\u0107 oczekiwaniom pasjonat\u00f3w tanga i ci\u0105gle szukam nowych inspiracji, aby stworzy\u0107 harmonijn\u0105 i [&hellip;]<\/p>\n","protected":false},"author":1,"featured_media":0,"parent":0,"menu_order":0,"comment_status":"closed","ping_status":"closed","template":"","meta":{"ocean_post_layout":"","ocean_both_sidebars_style":"","ocean_both_sidebars_content_width":0,"ocean_both_sidebars_sidebars_width":0,"ocean_sidebar":"0","ocean_second_sidebar":"0","ocean_disable_margins":"enable","ocean_add_body_class":"","ocean_shortcode_before_top_bar":"","ocean_shortcode_after_top_bar":"","ocean_shortcode_before_header":"","ocean_shortcode_after_header":"","ocean_has_shortcode":"","ocean_shortcode_after_title":"","ocean_shortcode_before_footer_widgets":"","ocean_shortcode_after_footer_widgets":"","ocean_shortcode_before_footer_bottom":"","ocean_shortcode_after_footer_bottom":"","ocean_display_top_bar":"default","ocean_display_header":"default","ocean_header_style":"","ocean_center_header_left_menu":"0","ocean_custom_header_template":"0","ocean_custom_logo":0,"ocean_custom_retina_logo":0,"ocean_custom_logo_max_width":0,"ocean_custom_logo_tablet_max_width":0,"ocean_custom_logo_mobile_max_width":0,"ocean_custom_logo_max_height":0,"ocean_custom_logo_tablet_max_height":0,"ocean_custom_logo_mobile_max_height":0,"ocean_header_custom_menu":"0","ocean_menu_typo_font_family":"0","ocean_menu_typo_font_subset":"","ocean_menu_typo_font_size":0,"ocean_menu_typo_font_size_tablet":0,"ocean_menu_typo_font_size_mobile":0,"ocean_menu_typo_font_size_unit":"px","ocean_menu_typo_font_weight":"","ocean_menu_typo_font_weight_tablet":"","ocean_menu_typo_font_weight_mobile":"","ocean_menu_typo_transform":"","ocean_menu_typo_transform_tablet":"","ocean_menu_typo_transform_mobile":"","ocean_menu_typo_line_height":0,"ocean_menu_typo_line_height_tablet":0,"ocean_menu_typo_line_height_mobile":0,"ocean_menu_typo_line_height_unit":"","ocean_menu_typo_spacing":0,"ocean_menu_typo_spacing_tablet":0,"ocean_menu_typo_spacing_mobile":0,"ocean_menu_typo_spacing_unit":"","ocean_menu_link_color":"","ocean_menu_link_color_hover":"","ocean_menu_link_color_active":"","ocean_menu_link_background":"","ocean_menu_link_hover_background":"","ocean_menu_link_active_background":"","ocean_menu_social_links_bg":"","ocean_menu_social_hover_links_bg":"","ocean_menu_social_links_color":"","ocean_menu_social_hover_links_color":"","ocean_disable_title":"default","ocean_disable_heading":"default","ocean_post_title":"","ocean_post_subheading":"","ocean_post_title_style":"","ocean_post_title_background_color":"","ocean_post_title_background":0,"ocean_post_title_bg_image_position":"","ocean_post_title_bg_image_attachment":"","ocean_post_title_bg_image_repeat":"","ocean_post_title_bg_image_size":"","ocean_post_title_height":0,"ocean_post_title_bg_overlay":0.5,"ocean_post_title_bg_overlay_color":"","ocean_disable_breadcrumbs":"default","ocean_breadcrumbs_color":"","ocean_breadcrumbs_separator_color":"","ocean_breadcrumbs_links_color":"","ocean_breadcrumbs_links_hover_color":"","ocean_display_footer_widgets":"default","ocean_display_footer_bottom":"default","ocean_custom_footer_template":"0","footnotes":""},"class_list":["post-170","page","type-page","status-publish","hentry","entry"],"_links":{"self":[{"href":"https:\/\/devpl11.getspace.us\/vratislaviatango\/wp-json\/wp\/v2\/pages\/170","targetHints":{"allow":["GET"]}}],"collection":[{"href":"https:\/\/devpl11.getspace.us\/vratislaviatango\/wp-json\/wp\/v2\/pages"}],"about":[{"href":"https:\/\/devpl11.getspace.us\/vratislaviatango\/wp-json\/wp\/v2\/types\/page"}],"author":[{"embeddable":true,"href":"https:\/\/devpl11.getspace.us\/vratislaviatango\/wp-json\/wp\/v2\/users\/1"}],"replies":[{"embeddable":true,"href":"https:\/\/devpl11.getspace.us\/vratislaviatango\/wp-json\/wp\/v2\/comments?post=170"}],"version-history":[{"count":13,"href":"https:\/\/devpl11.getspace.us\/vratislaviatango\/wp-json\/wp\/v2\/pages\/170\/revisions"}],"predecessor-version":[{"id":384,"href":"https:\/\/devpl11.getspace.us\/vratislaviatango\/wp-json\/wp\/v2\/pages\/170\/revisions\/384"}],"wp:attachment":[{"href":"https:\/\/devpl11.getspace.us\/vratislaviatango\/wp-json\/wp\/v2\/media?parent=170"}],"curies":[{"name":"wp","href":"https:\/\/api.w.org\/{rel}","templated":true}]}}