{"id":269,"date":"2026-01-09T14:38:14","date_gmt":"2026-01-09T14:38:14","guid":{"rendered":"https:\/\/devpl11.getspace.us\/vratislaviatango\/?page_id=269"},"modified":"2026-01-23T14:51:28","modified_gmt":"2026-01-23T14:51:28","slug":"informacje-festiwalowe","status":"publish","type":"page","link":"https:\/\/devpl11.getspace.us\/vratislaviatango\/informacje-festiwalowe\/","title":{"rendered":"Informacje Festiwalowe"},"content":{"rendered":"\t\t<div data-elementor-type=\"wp-page\" data-elementor-id=\"269\" class=\"elementor elementor-269\" data-elementor-post-type=\"page\">\n\t\t\t\t\t\t<section class=\"elementor-section elementor-top-section elementor-element elementor-element-69ea2e41 elementor-section-boxed elementor-section-height-default elementor-section-height-default\" data-id=\"69ea2e41\" data-element_type=\"section\" data-settings=\"{&quot;background_background&quot;:&quot;classic&quot;}\">\n\t\t\t\t\t\t\t<div class=\"elementor-background-overlay\"><\/div>\n\t\t\t\t\t\t\t<div class=\"elementor-container elementor-column-gap-default\">\n\t\t\t\t\t<div class=\"elementor-column elementor-col-100 elementor-top-column elementor-element elementor-element-10275440\" data-id=\"10275440\" data-element_type=\"column\">\n\t\t\t<div class=\"elementor-widget-wrap elementor-element-populated\">\n\t\t\t\t\t\t<section class=\"elementor-section elementor-inner-section elementor-element elementor-element-6343f584 elementor-section-boxed elementor-section-height-default elementor-section-height-default\" data-id=\"6343f584\" data-element_type=\"section\">\n\t\t\t\t\t\t<div class=\"elementor-container elementor-column-gap-default\">\n\t\t\t\t\t<div class=\"elementor-column elementor-col-100 elementor-inner-column elementor-element elementor-element-242ac312\" data-id=\"242ac312\" data-element_type=\"column\">\n\t\t\t<div class=\"elementor-widget-wrap elementor-element-populated\">\n\t\t\t\t\t\t\t<\/div>\n\t\t<\/div>\n\t\t\t\t\t<\/div>\n\t\t<\/section>\n\t\t\t\t\t<\/div>\n\t\t<\/div>\n\t\t\t\t\t<\/div>\n\t\t<\/section>\n\t\t\t\t<section class=\"elementor-section elementor-top-section elementor-element elementor-element-1bca347a elementor-section-boxed elementor-section-height-default elementor-section-height-default\" data-id=\"1bca347a\" data-element_type=\"section\">\n\t\t\t\t\t\t<div class=\"elementor-container elementor-column-gap-default\">\n\t\t\t\t\t<div class=\"elementor-column elementor-col-50 elementor-top-column elementor-element elementor-element-69ebbe4c\" data-id=\"69ebbe4c\" data-element_type=\"column\">\n\t\t\t<div class=\"elementor-widget-wrap elementor-element-populated\">\n\t\t\t\t\t\t<div class=\"elementor-element elementor-element-f6b289d elementor-widget elementor-widget-heading\" data-id=\"f6b289d\" data-element_type=\"widget\" data-widget_type=\"heading.default\">\n\t\t\t\t\t<h2 class=\"elementor-heading-title elementor-size-default\">Festiwal Vratislavia Tango, Wroc\u0142aw, Polska\n\n<\/h2>\t\t\t\t<\/div>\n\t\t\t\t<div class=\"elementor-element elementor-element-902f01e elementor-widget elementor-widget-heading\" data-id=\"902f01e\" data-element_type=\"widget\" data-widget_type=\"heading.default\">\n\t\t\t\t\t<h2 class=\"elementor-heading-title elementor-size-default\">edycja V\n\n<\/h2>\t\t\t\t<\/div>\n\t\t\t\t<div class=\"elementor-element elementor-element-ea92df0 elementor-widget elementor-widget-heading\" data-id=\"ea92df0\" data-element_type=\"widget\" data-widget_type=\"heading.default\">\n\t\t\t\t\t<h2 class=\"elementor-heading-title elementor-size-default\">5-7 czerwca 2026\n\n<\/h2>\t\t\t\t<\/div>\n\t\t\t\t<div class=\"elementor-element elementor-element-5cb9ebf elementor-widget elementor-widget-text-editor\" data-id=\"5cb9ebf\" data-element_type=\"widget\" data-widget_type=\"text-editor.default\">\n\t\t\t\t\t\t\t\t\t<p dir=\"ltr\">Drodzy Tangowi Przyjaciele,<\/p><p dir=\"ltr\">zapraszamy na pi\u0105t\u0105 edycj\u0119 Festiwalu Vratislavia Tango, kt\u00f3ry b\u0119dzie po\u0142\u0105czeniem tradycji i nowoczesno\u015bci, spotkaniem tangueros kt\u00f3rzy kochaj\u0105 muzyk\u0119 Z\u0142otej Ery Tanga i tych, kt\u00f3rzy kochaj\u0105 nowoczesne brzmienia.<\/p><p dir=\"ltr\">Mamy nadziej\u0119, \u017ce ka\u017cdy znajdzie na naszym festiwalu co\u015b dla siebie, a my do\u0142o\u017cymy wszelkich stara\u0144, \u017ceby\u015bcie cudownie sp\u0119dzili czas nie tylko na milongach, ale r\u00f3wnie\u017c spotykaj\u0105c przyjaci\u00f3\u0142 i do\u015bwiadczaj\u0105c niesamowitej atmosfery Wroc\u0142awia.<\/p>\t\t\t\t\t\t\t\t<\/div>\n\t\t\t\t<div class=\"elementor-element elementor-element-60add67 elementor-widget elementor-widget-image\" data-id=\"60add67\" data-element_type=\"widget\" data-widget_type=\"image.default\">\n\t\t\t\t\t\t\t\t\t\t\t\t\t\t\t<img fetchpriority=\"high\" decoding=\"async\" width=\"2048\" height=\"1365\" src=\"https:\/\/devpl11.getspace.us\/vratislaviatango\/wp-content\/uploads\/2026\/01\/13a32c37cc88839950f90be87.jpg\" class=\"attachment-full size-full wp-image-279\" alt=\"\" srcset=\"https:\/\/devpl11.getspace.us\/vratislaviatango\/wp-content\/uploads\/2026\/01\/13a32c37cc88839950f90be87.jpg 2048w, https:\/\/devpl11.getspace.us\/vratislaviatango\/wp-content\/uploads\/2026\/01\/13a32c37cc88839950f90be87-300x200.jpg 300w, https:\/\/devpl11.getspace.us\/vratislaviatango\/wp-content\/uploads\/2026\/01\/13a32c37cc88839950f90be87-1024x683.jpg 1024w, https:\/\/devpl11.getspace.us\/vratislaviatango\/wp-content\/uploads\/2026\/01\/13a32c37cc88839950f90be87-768x512.jpg 768w, https:\/\/devpl11.getspace.us\/vratislaviatango\/wp-content\/uploads\/2026\/01\/13a32c37cc88839950f90be87-1536x1024.jpg 1536w\" sizes=\"(max-width: 2048px) 100vw, 2048px\" \/>\t\t\t\t\t\t\t\t\t\t\t\t\t\t\t<\/div>\n\t\t\t\t<div class=\"elementor-element elementor-element-afcd63 elementor-widget-divider--element-align-left elementor-widget-divider--view-line_text elementor-widget elementor-widget-divider\" data-id=\"afcd63\" data-element_type=\"widget\" data-widget_type=\"divider.default\">\n\t\t\t\t\t\t\t<div class=\"elementor-divider\">\n\t\t\t<span class=\"elementor-divider-separator\">\n\t\t\t\t\t\t<\/span>\n\t\t<\/div>\n\t\t\t\t\t\t<\/div>\n\t\t\t\t<div class=\"elementor-element elementor-element-5f2ea896 elementor-widget elementor-widget-elementskit-accordion\" data-id=\"5f2ea896\" data-element_type=\"widget\" data-settings=\"{&quot;_animation&quot;:&quot;none&quot;,&quot;_animation_tablet&quot;:&quot;none&quot;}\" data-widget_type=\"elementskit-accordion.default\">\n\t\t\t\t\t<div class=\"ekit-wid-con\" >\n        <div class=\"elementskit-accordion accoedion-primary\" id=\"accordion-6a079eb7420c1\">\n\n            \n                <div class=\"elementskit-card active\">\n                    <div class=\"elementskit-card-header\" id=\"primaryHeading-0-5f2ea896\">\n                        <a href=\"#collapse-f8725c56a079eb7420c1\" class=\"ekit-accordion--toggler elementskit-btn-link collapsed\" data-ekit-toggle=\"collapse\" data-target=\"#Collapse-f8725c56a079eb7420c1\" aria-expanded=\"true\" aria-controls=\"Collapse-f8725c56a079eb7420c1\">\n                            \n                            <span class=\"ekit-accordion-title\">Co Was czeka<\/span>\n\n                            \n                                <div class=\"ekit_accordion_icon_group\">\n                                    <div class=\"ekit_accordion_normal_icon\">\n                                        <!-- Normal Icon -->\n\t\t\t\t\t\t\t\t\t\t<i class=\"icon icon-down-arrow1\"><\/i>                                    <\/div>\n\n                                    <div class=\"ekit_accordion_active_icon\">\n                                        <!-- Active Icon -->\n\t\t\t\t\t\t\t\t\t\t<svg class=\"e-font-icon-svg e-far-dot-circle\" viewBox=\"0 0 512 512\" xmlns=\"http:\/\/www.w3.org\/2000\/svg\"><path d=\"M256 56c110.532 0 200 89.451 200 200 0 110.532-89.451 200-200 200-110.532 0-200-89.451-200-200 0-110.532 89.451-200 200-200m0-48C119.033 8 8 119.033 8 256s111.033 248 248 248 248-111.033 248-248S392.967 8 256 8zm0 168c-44.183 0-80 35.817-80 80s35.817 80 80 80 80-35.817 80-80-35.817-80-80-80z\"><\/path><\/svg>                                    <\/div>\n                                <\/div>\n\n                            \n                                                    <\/a>\n                    <\/div>\n\n                    <div id=\"Collapse-f8725c56a079eb7420c1\" class=\" show collapse\" aria-labelledby=\"primaryHeading-0-5f2ea896\" data-parent=\"#accordion-6a079eb7420c1\">\n\n                        <div class=\"elementskit-card-body ekit-accordion--content\">\n                            <ul><li><p>muzyka przygotowana z pasj\u0105 przez zaanga\u017cowanych TDJ\u00f3w<\/p><\/li><li><p>ponad 30 godzin tanga z dba\u0142o\u015bci\u0105 o r\u00f3wnowag\u0119 r\u00f3l<\/p><\/li><li><p>koncert na \u017cywo zespo\u0142u\u00a0 Beltango z Serbii<\/p><\/li><li><p>klimatyzowana sala taneczna o powierzchni 250 m2<\/p><\/li><li>nowoczesna strefa relaksu, szatnie z indywidualnymi szafkami, prysznice<\/li><li><p>napoje (kawa, herbata, woda), przek\u0105ski, owoce\/standard ka\u017cdej milongi<\/p><\/li><li><p>mo\u017cliwo\u015b\u0107 zwiedzania Wroc\u0142awia od strony Odry:\u00a0 milonga na statku oraz kajaki i SUP-y dla ch\u0119tnych<\/p><\/li><li><p>lokalizacja eventu w pobli\u017cu wroc\u0142awskiego Rynku i Starego Miasta, (wiele restauracji, kawiarni, bogata baza hotelowa<\/p><\/li><\/ul>                        <\/div>\n\n                    <\/div>\n\n                <\/div><!-- .elementskit-card END -->\n\n                \n                <div class=\"elementskit-card active\">\n                    <div class=\"elementskit-card-header\" id=\"primaryHeading-1-5f2ea896\">\n                        <a href=\"#collapse-92fe9476a079eb7420c1\" class=\"ekit-accordion--toggler elementskit-btn-link collapsed\" data-ekit-toggle=\"collapse\" data-target=\"#Collapse-92fe9476a079eb7420c1\" aria-expanded=\"true\" aria-controls=\"Collapse-92fe9476a079eb7420c1\">\n                            \n                            <span class=\"ekit-accordion-title\">Udzia\u0142 w festiwalu<\/span>\n\n                            \n                                <div class=\"ekit_accordion_icon_group\">\n                                    <div class=\"ekit_accordion_normal_icon\">\n                                        <!-- Normal Icon -->\n\t\t\t\t\t\t\t\t\t\t<i class=\"icon icon-down-arrow1\"><\/i>                                    <\/div>\n\n                                    <div class=\"ekit_accordion_active_icon\">\n                                        <!-- Active Icon -->\n\t\t\t\t\t\t\t\t\t\t<svg class=\"e-font-icon-svg e-far-dot-circle\" viewBox=\"0 0 512 512\" xmlns=\"http:\/\/www.w3.org\/2000\/svg\"><path d=\"M256 56c110.532 0 200 89.451 200 200 0 110.532-89.451 200-200 200-110.532 0-200-89.451-200-200 0-110.532 89.451-200 200-200m0-48C119.033 8 8 119.033 8 256s111.033 248 248 248 248-111.033 248-248S392.967 8 256 8zm0 168c-44.183 0-80 35.817-80 80s35.817 80 80 80 80-35.817 80-80-35.817-80-80-80z\"><\/path><\/svg>                                    <\/div>\n                                <\/div>\n\n                            \n                                                    <\/a>\n                    <\/div>\n\n                    <div id=\"Collapse-92fe9476a079eb7420c1\" class=\" show collapse\" aria-labelledby=\"primaryHeading-1-5f2ea896\" data-parent=\"#accordion-6a079eb7420c1\">\n\n                        <div class=\"elementskit-card-body ekit-accordion--content\">\n                            <p><span style=\"font-weight: 400\">W celu zapewnienia komfortu uczestnikom Festiwalu Vratislavia Tango wprowadzili\u015bmy rejestracj\u0119 os\u00f3b z zasad\u0105 utrzymania balansu r\u00f3l. Nie oznacza to, \u017ce nie mo\u017cna zarejestrowa\u0107 si\u0119 solo. Zapraszamy r\u00f3wnie\u017c osoby bez pary, by\u0107 mo\u017ce trzeba b\u0119dzie poczeka\u0107 na potwierdzenie nieco d\u0142u\u017cej, ale w miar\u0119 mo\u017cliwo\u015bci postaramy si\u0119 kojarzy\u0107 osoby solo, zachowuj\u0105c powy\u017csz\u0105 zasad\u0119.<\/span><\/p><p><span style=\"font-weight: 400\">W celu stworzenia komfortu na parkiecie wprowadzili\u015bmy limit os\u00f3b bior\u0105cych udzia\u0142 w festiwalu. Decyduje kolejno\u015b\u0107 zg\u0142osze\u0144 wraz z zasad\u0105 balansu oraz dokonanie op\u0142aty rejestracyjnej.<\/span><\/p><p><span style=\"font-weight: 400\">Aby si\u0119 zarejestrowa\u0107 nale\u017cy wype\u0142ni\u0107 formularz zg\u0142oszeniowy, znajduj\u0105cy si\u0119 na stronie (nie jest to r\u00f3wnoznaczne z przyj\u0119ciem na festiwal). W ci\u0105gu kilku dni od wys\u0142ania formularza otrzymacie Pa\u0144stwo potwierdzenie przyj\u0119cia wraz z podaniem numeru konta.<\/span><\/p><p><span style=\"font-weight: 400\">Prosimy o wype\u0142nienie formularza przez oboje partner\u00f3w. (wstawi\u0107 link do formularza)<\/span><\/p><p><span style=\"font-weight: 400\">Po op\u0142aceniu pe\u0142nej kwoty, na wskazanego maila wy\u015blemy potwierdzenie, kt\u00f3re b\u0119dzie r\u00f3wnoznaczne z przyj\u0119ciem na festiwal.<\/span><\/p>                        <\/div>\n\n                    <\/div>\n\n                <\/div><!-- .elementskit-card END -->\n\n                \n                <div class=\"elementskit-card \">\n                    <div class=\"elementskit-card-header\" id=\"primaryHeading-2-5f2ea896\">\n                        <a href=\"#collapse-fbf777b6a079eb7420c1\" class=\"ekit-accordion--toggler elementskit-btn-link collapsed\" data-ekit-toggle=\"collapse\" data-target=\"#Collapse-fbf777b6a079eb7420c1\" aria-expanded=\"false\" aria-controls=\"Collapse-fbf777b6a079eb7420c1\">\n                            \n                            <span class=\"ekit-accordion-title\">Cennik festiwalu<\/span>\n\n                            \n                                <div class=\"ekit_accordion_icon_group\">\n                                    <div class=\"ekit_accordion_normal_icon\">\n                                        <!-- Normal Icon -->\n\t\t\t\t\t\t\t\t\t\t<i class=\"icon icon-down-arrow1\"><\/i>                                    <\/div>\n\n                                    <div class=\"ekit_accordion_active_icon\">\n                                        <!-- Active Icon -->\n\t\t\t\t\t\t\t\t\t\t<svg class=\"e-font-icon-svg e-far-dot-circle\" viewBox=\"0 0 512 512\" xmlns=\"http:\/\/www.w3.org\/2000\/svg\"><path d=\"M256 56c110.532 0 200 89.451 200 200 0 110.532-89.451 200-200 200-110.532 0-200-89.451-200-200 0-110.532 89.451-200 200-200m0-48C119.033 8 8 119.033 8 256s111.033 248 248 248 248-111.033 248-248S392.967 8 256 8zm0 168c-44.183 0-80 35.817-80 80s35.817 80 80 80 80-35.817 80-80-35.817-80-80-80z\"><\/path><\/svg>                                    <\/div>\n                                <\/div>\n\n                            \n                                                    <\/a>\n                    <\/div>\n\n                    <div id=\"Collapse-fbf777b6a079eb7420c1\" class=\" collapse\" aria-labelledby=\"primaryHeading-2-5f2ea896\" data-parent=\"#accordion-6a079eb7420c1\">\n\n                        <div class=\"elementskit-card-body ekit-accordion--content\">\n                            <p>Przewidujemy mo\u017cliwo\u015b\u0107 wp\u0142aty w z\u0142ot\u00f3wkach lub euro<\/p><p><span style=\"font-weight: 400\">Cena do 16 lutego 450 z\u0142 (105 euro<\/span><\/p><p>Cena do 30 marca 500 z\u0142 (120 euro)<\/p><p>Cena od 1 kwietnia 550 z\u0142 (130 euro)<\/p><p>Zach\u0119camy do rejestracji w parach.<\/p><p>Uwaga PROMOCJA !!!<\/p><p>Jednoczesne zg\u0142oszenie 3 par lub grupy 6 os\u00f3b z min. 3 leaderami,<\/p><p>spowoduje otrzymanie 15% rabatu dla ka\u017cdego uczestnika z grupy.<\/p><p>Rejestracja grupy: ka\u017cdy uczestnik rejestruje si\u0119 osobno. Nale\u017cy poda\u0107 w odpowiedniej rubryce nazwisko lidera zg\u0142aszanej grupy.\u00a0Wp\u0142ata uiszczana jest za ca\u0142\u0105 grup\u0119 przez jedn\u0105 osob\u0119 (lidera grupy) po otrzymaniu e-maila potwierdzaj\u0105cego.<\/p><p>W cenie Festiwalu:<\/p><ul><li><p>udzia\u0142 w milongach g\u0142\u00f3wnych festiwalu,<\/p><\/li><li><p>udzia\u0142 w koncercie\u00a0 na \u017cywo<\/p><\/li><li><p>napoje (kawa, herbata, woda), pocz\u0119stunek i owoce podczas festiwalu<\/p><\/li><\/ul><p>*udzia\u0142 w rejsie statkiem po Odrze (z milong\u0105) jest p\u0142atny dodatkowo<\/p><p>60 z\u0142otych (15 euro)\/osoba<\/p><p>** dla uczestnik\u00f3w Festiwalu udzia\u0142 w pre-milondze i after-milondze<\/p><p>w specjalnej cenie 60 z\u0142 (15 euro)\/osoba za ka\u017cde wydarzenie (przy zaznaczeniu opcji podczas rejestracji)<\/p><p>***mo\u017cliwo\u015b\u0107 zakupu koszulki festiwalowej w cenie 100 z\u0142 (25 euro) \u2013 wersja m\u0119ska i damska w r\u00f3\u017cnych rozmiarach. Zam\u00f3wienia podczas rejestracji na festiwal (zak\u0142adka rejestracja)<\/p>                        <\/div>\n\n                    <\/div>\n\n                <\/div><!-- .elementskit-card END -->\n\n                \n                <div class=\"elementskit-card \">\n                    <div class=\"elementskit-card-header\" id=\"primaryHeading-3-5f2ea896\">\n                        <a href=\"#collapse-cd936796a079eb7420c1\" class=\"ekit-accordion--toggler elementskit-btn-link collapsed\" data-ekit-toggle=\"collapse\" data-target=\"#Collapse-cd936796a079eb7420c1\" aria-expanded=\"false\" aria-controls=\"Collapse-cd936796a079eb7420c1\">\n                            \n                            <span class=\"ekit-accordion-title\">Miejsce festiwalu<\/span>\n\n                            \n                                <div class=\"ekit_accordion_icon_group\">\n                                    <div class=\"ekit_accordion_normal_icon\">\n                                        <!-- Normal Icon -->\n\t\t\t\t\t\t\t\t\t\t<i class=\"icon icon-down-arrow1\"><\/i>                                    <\/div>\n\n                                    <div class=\"ekit_accordion_active_icon\">\n                                        <!-- Active Icon -->\n\t\t\t\t\t\t\t\t\t\t<svg class=\"e-font-icon-svg e-far-dot-circle\" viewBox=\"0 0 512 512\" xmlns=\"http:\/\/www.w3.org\/2000\/svg\"><path d=\"M256 56c110.532 0 200 89.451 200 200 0 110.532-89.451 200-200 200-110.532 0-200-89.451-200-200 0-110.532 89.451-200 200-200m0-48C119.033 8 8 119.033 8 256s111.033 248 248 248 248-111.033 248-248S392.967 8 256 8zm0 168c-44.183 0-80 35.817-80 80s35.817 80 80 80 80-35.817 80-80-35.817-80-80-80z\"><\/path><\/svg>                                    <\/div>\n                                <\/div>\n\n                            \n                                                    <\/a>\n                    <\/div>\n\n                    <div id=\"Collapse-cd936796a079eb7420c1\" class=\" collapse\" aria-labelledby=\"primaryHeading-3-5f2ea896\" data-parent=\"#accordion-6a079eb7420c1\">\n\n                        <div class=\"elementskit-card-body ekit-accordion--content\">\n                            <p>G\u0142\u00f3wnym miejscem, w kt\u00f3rym odbywa\u0107 si\u0119 b\u0119d\u0105 milongi festiwalowe jest budynek usytuowany w centrum Wroc\u0142awia. La Rosa Negra to najwi\u0119ksza scena taneczna we Wroc\u0142awiu na ul. Braniborskiej 14.<\/p><p>Miejsce cechuje si\u0119 maksymaln\u0105 funkcjonalno\u015bci\u0105, posiada wysokiej jako\u015bci pod\u0142og\u0119 taneczn\u0105, lustra, atrakcyjn\u0105 industrialn\u0105 architektur\u0119 i wysoki standard.<\/p><p>W celu zapewnienia komfortu zapewniamy nowoczesne foyer, w kt\u00f3rym przygotujemy stref\u0119 kawowo-rekreacyjn\u0105, szatnie z zamykanymi na klucz szafkami oraz toalety z prysznicami. Bezpo\u015brednio w budynku (pi\u0119tro wy\u017cej) znajduje si\u0119 restauracja Kuchnia Marche Domar oraz kawiarnia.<\/p><p>Lokalizacja na ul. Braniborskiej gwarantuje wszystkie atrakcje centrum miasta \u2013 s\u0105 tutaj liczne punkty rozrywkowe i kulturalne. Budynek festiwalowy mie\u015bci si\u0119 zaledwie 15 minut pieszo od Wroc\u0142awskiego Starego Miasta i Rynku. W okolicy jest tak\u017ce malownicza ul. Podwale i liczne restauracje przy ulicach \u015aw. Antoniego i W\u0142odkowica. Uczestnicy Festiwalu mog\u0105 skorzysta\u0107 z bogatej oferty gastronomicznej Hali \u015awiebodzki bar &amp;food Court, zaledwie 200 m od miejsca wydarzenia.<\/p>                        <\/div>\n\n                    <\/div>\n\n                <\/div><!-- .elementskit-card END -->\n\n                                        <\/div>\n    <\/div>\t\t\t\t<\/div>\n\t\t\t\t\t<\/div>\n\t\t<\/div>\n\t\t\t\t<div class=\"elementor-column elementor-col-50 elementor-top-column elementor-element elementor-element-3d4e767e\" data-id=\"3d4e767e\" data-element_type=\"column\">\n\t\t\t<div class=\"elementor-widget-wrap elementor-element-populated\">\n\t\t\t\t\t\t<div class=\"elementor-element elementor-element-604eb137 elementor-cta--skin-cover elementor-cta--valign-bottom elementor-bg-transform elementor-bg-transform-move-left elementor-widget elementor-widget-call-to-action\" data-id=\"604eb137\" data-element_type=\"widget\" data-widget_type=\"call-to-action.default\">\n\t\t\t\t\t\t\t<a class=\"elementor-cta\" href=\"https:\/\/forms.gle\/KbiyYqDhEjHWLxgz7\">\n\t\t\t\t\t<div class=\"elementor-cta__bg-wrapper\">\n\t\t\t\t<div class=\"elementor-cta__bg elementor-bg\" style=\"background-image: url(https:\/\/devpl11.getspace.us\/vratislaviatango\/wp-content\/uploads\/2026\/01\/1c8c39cdad96eb8655cf8bebc.png);\" role=\"img\" aria-label=\"1c8c39cdad96eb8655cf8bebc\"><\/div>\n\t\t\t\t<div class=\"elementor-cta__bg-overlay\"><\/div>\n\t\t\t<\/div>\n\t\t\t\t\t\t\t<div class=\"elementor-cta__content\">\n\t\t\t\t\n\t\t\t\t\n\t\t\t\t\t\t\t\t\t<div class=\"elementor-cta__description elementor-cta__content-item elementor-content-item\">\n\t\t\t\t\t\tZarejestruj si\u0119 na festiwal Vratislavia\t\t\t\t\t<\/div>\n\t\t\t\t\n\t\t\t\t\t\t\t\t\t<div class=\"elementor-cta__button-wrapper elementor-cta__content-item elementor-content-item \">\n\t\t\t\t\t<span class=\"elementor-cta__button elementor-button elementor-size-\">\n\t\t\t\t\t\tRejestracja\t\t\t\t\t<\/span>\n\t\t\t\t\t<\/div>\n\t\t\t\t\t\t\t<\/div>\n\t\t\t\t\t\t<\/a>\n\t\t\t\t\t\t<\/div>\n\t\t\t\t\t<\/div>\n\t\t<\/div>\n\t\t\t\t\t<\/div>\n\t\t<\/section>\n\t\t\t\t<\/div>\n\t\t","protected":false},"excerpt":{"rendered":"<p>Festiwal Vratislavia Tango, Wroc\u0142aw, Polska edycja V 5-7 czerwca 2026 Drodzy Tangowi Przyjaciele, zapraszamy na pi\u0105t\u0105 edycj\u0119 Festiwalu Vratislavia Tango, kt\u00f3ry b\u0119dzie po\u0142\u0105czeniem tradycji i nowoczesno\u015bci, spotkaniem tangueros kt\u00f3rzy kochaj\u0105 muzyk\u0119 Z\u0142otej Ery Tanga i tych, kt\u00f3rzy kochaj\u0105 nowoczesne brzmienia. Mamy nadziej\u0119, \u017ce ka\u017cdy znajdzie na naszym festiwalu co\u015b dla siebie, a my do\u0142o\u017cymy wszelkich [&hellip;]<\/p>\n","protected":false},"author":1,"featured_media":0,"parent":0,"menu_order":0,"comment_status":"closed","ping_status":"closed","template":"","meta":{"ocean_post_layout":"","ocean_both_sidebars_style":"","ocean_both_sidebars_content_width":0,"ocean_both_sidebars_sidebars_width":0,"ocean_sidebar":"0","ocean_second_sidebar":"0","ocean_disable_margins":"enable","ocean_add_body_class":"","ocean_shortcode_before_top_bar":"","ocean_shortcode_after_top_bar":"","ocean_shortcode_before_header":"","ocean_shortcode_after_header":"","ocean_has_shortcode":"","ocean_shortcode_after_title":"","ocean_shortcode_before_footer_widgets":"","ocean_shortcode_after_footer_widgets":"","ocean_shortcode_before_footer_bottom":"","ocean_shortcode_after_footer_bottom":"","ocean_display_top_bar":"default","ocean_display_header":"default","ocean_header_style":"","ocean_center_header_left_menu":"0","ocean_custom_header_template":"0","ocean_custom_logo":0,"ocean_custom_retina_logo":0,"ocean_custom_logo_max_width":0,"ocean_custom_logo_tablet_max_width":0,"ocean_custom_logo_mobile_max_width":0,"ocean_custom_logo_max_height":0,"ocean_custom_logo_tablet_max_height":0,"ocean_custom_logo_mobile_max_height":0,"ocean_header_custom_menu":"0","ocean_menu_typo_font_family":"0","ocean_menu_typo_font_subset":"","ocean_menu_typo_font_size":0,"ocean_menu_typo_font_size_tablet":0,"ocean_menu_typo_font_size_mobile":0,"ocean_menu_typo_font_size_unit":"px","ocean_menu_typo_font_weight":"","ocean_menu_typo_font_weight_tablet":"","ocean_menu_typo_font_weight_mobile":"","ocean_menu_typo_transform":"","ocean_menu_typo_transform_tablet":"","ocean_menu_typo_transform_mobile":"","ocean_menu_typo_line_height":0,"ocean_menu_typo_line_height_tablet":0,"ocean_menu_typo_line_height_mobile":0,"ocean_menu_typo_line_height_unit":"","ocean_menu_typo_spacing":0,"ocean_menu_typo_spacing_tablet":0,"ocean_menu_typo_spacing_mobile":0,"ocean_menu_typo_spacing_unit":"","ocean_menu_link_color":"","ocean_menu_link_color_hover":"","ocean_menu_link_color_active":"","ocean_menu_link_background":"","ocean_menu_link_hover_background":"","ocean_menu_link_active_background":"","ocean_menu_social_links_bg":"","ocean_menu_social_hover_links_bg":"","ocean_menu_social_links_color":"","ocean_menu_social_hover_links_color":"","ocean_disable_title":"default","ocean_disable_heading":"default","ocean_post_title":"","ocean_post_subheading":"","ocean_post_title_style":"","ocean_post_title_background_color":"","ocean_post_title_background":0,"ocean_post_title_bg_image_position":"","ocean_post_title_bg_image_attachment":"","ocean_post_title_bg_image_repeat":"","ocean_post_title_bg_image_size":"","ocean_post_title_height":0,"ocean_post_title_bg_overlay":0.5,"ocean_post_title_bg_overlay_color":"","ocean_disable_breadcrumbs":"default","ocean_breadcrumbs_color":"","ocean_breadcrumbs_separator_color":"","ocean_breadcrumbs_links_color":"","ocean_breadcrumbs_links_hover_color":"","ocean_display_footer_widgets":"default","ocean_display_footer_bottom":"default","ocean_custom_footer_template":"0","footnotes":""},"class_list":["post-269","page","type-page","status-publish","hentry","entry"],"_links":{"self":[{"href":"https:\/\/devpl11.getspace.us\/vratislaviatango\/wp-json\/wp\/v2\/pages\/269","targetHints":{"allow":["GET"]}}],"collection":[{"href":"https:\/\/devpl11.getspace.us\/vratislaviatango\/wp-json\/wp\/v2\/pages"}],"about":[{"href":"https:\/\/devpl11.getspace.us\/vratislaviatango\/wp-json\/wp\/v2\/types\/page"}],"author":[{"embeddable":true,"href":"https:\/\/devpl11.getspace.us\/vratislaviatango\/wp-json\/wp\/v2\/users\/1"}],"replies":[{"embeddable":true,"href":"https:\/\/devpl11.getspace.us\/vratislaviatango\/wp-json\/wp\/v2\/comments?post=269"}],"version-history":[{"count":25,"href":"https:\/\/devpl11.getspace.us\/vratislaviatango\/wp-json\/wp\/v2\/pages\/269\/revisions"}],"predecessor-version":[{"id":408,"href":"https:\/\/devpl11.getspace.us\/vratislaviatango\/wp-json\/wp\/v2\/pages\/269\/revisions\/408"}],"wp:attachment":[{"href":"https:\/\/devpl11.getspace.us\/vratislaviatango\/wp-json\/wp\/v2\/media?parent=269"}],"curies":[{"name":"wp","href":"https:\/\/api.w.org\/{rel}","templated":true}]}}